{"id":3365,"date":"2021-06-28T09:21:36","date_gmt":"2021-06-28T12:21:36","guid":{"rendered":"https:\/\/gurumuebles.com.ar\/producto\/sillon-jesuita\/"},"modified":"2024-10-03T10:39:28","modified_gmt":"2024-10-03T13:39:28","slug":"sillon-jesuita","status":"publish","type":"product","link":"https:\/\/gurumuebles.com.ar\/test\/producto\/sillon-jesuita\/","title":{"rendered":"SILLON JESUITA"},"content":{"rendered":"<p>Material: Madera Pino Seco de horno<br \/>\nDise\u00f1o: plegable &#8211; Ergonomico<br \/>\nIdeal para uso de descanso en jard\u00edn o cualquier ambiente. F\u00e1cil plegado y guardado en cualquier lugar de la casa<\/p>\n","protected":false},"excerpt":{"rendered":"<p>Material: Madera Pino Seco de horno Dise\u00f1o: plegable &#8211; Ergonomico Ideal para uso de descanso en jard\u00edn o cualquier ambiente. F\u00e1cil plegado y guardado en cualquier lugar de la casa<\/p>\n","protected":false},"featured_media":10574,"comment_status":"open","ping_status":"closed","template":"","meta":[],"product_cat":[84],"product_tag":[],"class_list":["post-3365","product","type-product","status-publish","has-post-thumbnail","hentry","product_cat-jardin"],"_links":{"self":[{"href":"https:\/\/gurumuebles.com.ar\/test\/wp-json\/wp\/v2\/product\/3365","targetHints":{"allow":["GET"]}}],"collection":[{"href":"https:\/\/gurumuebles.com.ar\/test\/wp-json\/wp\/v2\/product"}],"about":[{"href":"https:\/\/gurumuebles.com.ar\/test\/wp-json\/wp\/v2\/types\/product"}],"replies":[{"embeddable":true,"href":"https:\/\/gurumuebles.com.ar\/test\/wp-json\/wp\/v2\/comments?post=3365"}],"wp:featuredmedia":[{"embeddable":true,"href":"https:\/\/gurumuebles.com.ar\/test\/wp-json\/wp\/v2\/media\/10574"}],"wp:attachment":[{"href":"https:\/\/gurumuebles.com.ar\/test\/wp-json\/wp\/v2\/media?parent=3365"}],"wp:term":[{"taxonomy":"product_cat","embeddable":true,"href":"https:\/\/gurumuebles.com.ar\/test\/wp-json\/wp\/v2\/product_cat?post=3365"},{"taxonomy":"product_tag","embeddable":true,"href":"https:\/\/gurumuebles.com.ar\/test\/wp-json\/wp\/v2\/product_tag?post=3365"}],"curies":[{"name":"wp","href":"https:\/\/api.w.org\/{rel}","templated":true}]}}